{"id":1151,"date":"2023-10-29T17:58:30","date_gmt":"2023-10-29T14:58:30","guid":{"rendered":"https:\/\/corf.fi\/?page_id=1151"},"modified":"2023-11-03T15:51:08","modified_gmt":"2023-11-03T12:51:08","slug":"uutiset","status":"publish","type":"page","link":"https:\/\/corf.fi\/?page_id=1151","title":{"rendered":"Uutiset"},"content":{"rendered":"\t\t<div data-elementor-type=\"wp-page\" data-elementor-id=\"1151\" class=\"elementor elementor-1151\">\n\t\t\t\t\t\t\t<div class=\"elementor-element elementor-element-5fe7dbd e-flex e-con-boxed e-con e-parent\" data-id=\"5fe7dbd\" data-element_type=\"container\" data-settings=\"{&quot;content_width&quot;:&quot;boxed&quot;}\" data-core-v316-plus=\"true\">\n\t\t\t\t\t<div class=\"e-con-inner\">\n\t\t\t\t<div class=\"elementor-element elementor-element-42228a6 elementor-widget elementor-widget-heading\" data-id=\"42228a6\" data-element_type=\"widget\" data-widget_type=\"heading.default\">\n\t\t\t\t<div class=\"elementor-widget-container\">\n\t\t\t<style>\/*! elementor - v3.16.0 - 20-09-2023 *\/\n.elementor-heading-title{padding:0;margin:0;line-height:1}.elementor-widget-heading .elementor-heading-title[class*=elementor-size-]>a{color:inherit;font-size:inherit;line-height:inherit}.elementor-widget-heading .elementor-heading-title.elementor-size-small{font-size:15px}.elementor-widget-heading .elementor-heading-title.elementor-size-medium{font-size:19px}.elementor-widget-heading .elementor-heading-title.elementor-size-large{font-size:29px}.elementor-widget-heading .elementor-heading-title.elementor-size-xl{font-size:39px}.elementor-widget-heading .elementor-heading-title.elementor-size-xxl{font-size:59px}<\/style><h1 class=\"elementor-heading-title elementor-size-default\">Uutiset<\/h1>\t\t<\/div>\n\t\t\t\t<\/div>\n\t\t\t\t\t<\/div>\n\t\t\t\t<\/div>\n\t\t<div class=\"elementor-element elementor-element-40542dc e-flex e-con-boxed e-con e-parent\" data-id=\"40542dc\" data-element_type=\"container\" data-settings=\"{&quot;content_width&quot;:&quot;boxed&quot;}\" data-core-v316-plus=\"true\">\n\t\t\t\t\t<div class=\"e-con-inner\">\n\t\t\t\t<div class=\"elementor-element elementor-element-d4a12c1 elementor-widget elementor-widget-shortcode\" data-id=\"d4a12c1\" data-element_type=\"widget\" data-widget_type=\"shortcode.default\">\n\t\t\t\t<div class=\"elementor-widget-container\">\n\t\t\t\t\t<div class=\"elementor-shortcode\"><style type='text\/css' media='all'>#rt-tpg-container-2564831863 .rt-holder .rt-woo-info .price{color:#0367bf;}body .rt-tpg-container .rt-tpg-isotope-buttons .selected,\r\n\t\t\t\t\t#rt-tpg-container-2564831863 .layout12 .rt-holder:hover .rt-detail,\r\n\t\t\t\t\t#rt-tpg-container-2564831863 .isotope8 .rt-holder:hover .rt-detail,\r\n\t\t\t\t\t#rt-tpg-container-2564831863 .carousel8 .rt-holder:hover .rt-detail,\r\n\t\t\t\t\t#rt-tpg-container-2564831863 .layout13 .rt-holder .overlay .post-info,\r\n\t\t\t\t\t#rt-tpg-container-2564831863 .isotope9 .rt-holder .overlay .post-info,\r\n\t\t\t\t\t#rt-tpg-container-2564831863.rt-tpg-container .layout4 .rt-holder .rt-detail,\r\n\t\t\t\t\t.rt-modal-2564831863 .md-content,\r\n\t\t\t\t\t.rt-modal-2564831863 .md-content > .rt-md-content-holder .rt-md-content,\r\n\t\t\t\t\t.rt-popup-wrap-2564831863.rt-popup-wrap .rt-popup-navigation-wrap,\r\n\t\t\t\t\t#rt-tpg-container-2564831863 .carousel9 .rt-holder .overlay .post-info{background-color:#0367bf;}#rt-tpg-container-2564831863 .layout5 .rt-holder .overlay, #rt-tpg-container-2564831863 .isotope2 .rt-holder .overlay, #rt-tpg-container-2564831863 .carousel2 .rt-holder .overlay,#rt-tpg-container-2564831863 .layout15 .rt-holder h3, #rt-tpg-container-2564831863 .isotope11 .rt-holder h3, #rt-tpg-container-2564831863 .carousel11 .rt-holder h3, #rt-tpg-container-2564831863 .layout16 .rt-holder h3,\r\n\t\t\t\t\t#rt-tpg-container-2564831863 .isotope12 .rt-holder h3, #rt-tpg-container-2564831863 .carousel12 .rt-holder h3 {background-color:rgba(3,103,191,0.8);}#rt-tpg-container-2564831863 .read-more a{border-radius:px;}#rt-tpg-container-2564831863 .rt-img-holder img.rt-img-responsive,#rt-tpg-container-2564831863 .rt-img-holder,\r\n\t\t\t\t\t#rt-tpg-container-2564831863 .rt-post-overlay .post-img,\r\n\t\t\t\t\t#rt-tpg-container-2564831863 .post-sm .post-img,\r\n\t\t\t\t\t#rt-tpg-container-2564831863 .rt-post-grid .post-img,\r\n\t\t\t\t\t#rt-tpg-container-2564831863 .post-img img {border-radius:px;}<\/style><div class='rt-container-fluid rt-tpg-container tpg-shortcode-main-wrapper  loading' id='rt-tpg-container-2564831863'   data-layout='layout1' data-grid-style='even' data-desktop-col='3'  data-tab-col='2'  data-mobile-col='1' data-sc-id='1157'><div id=\"bottom-script-loader\" class=\"bottom-script-loader\"><div class=\"rt-ball-clip-rotate\"><div><\/div><\/div><\/div><div data-title='Loading ...' class='rt-row rt-content-loader   layout1 tpg-even '><div class=\"rt-col-md-4 rt-col-sm-6 rt-col-xs-12 even-grid-item rt-grid-item\" data-id=\"1021\"><div class=\"rt-holder\"><div class='rt-detail'><h3 class=\"entry-title\"><a data-id=\"1021\" class=\"\" href=\"https:\/\/corf.fi\/?p=1021\">IBD Wickeltechnik<\/a><\/h3><div class='post-meta-user  '><span class='author'><i class='fa fa-user '><\/i><a href=\"https:\/\/corf.fi\/?author=1\">Sander Allmere<\/a><\/span><span class='date'><i class='far fa-calendar-alt '><\/i>15 maaliskuun, 2021<\/span><\/div><div class='tpg-excerpt'>Corf Oy edustaa IBD laitteita Suomessa. Yhti\u00f6 valmistaa jarruja, radanohjaimia, aukirullauksen akseleita teollisuuden tarpeisiin...<\/div><div class='post-meta '><span class='read-more'><a data-id='1021' class='' href='https:\/\/corf.fi\/?p=1021'>Lue lis\u00e4\u00e4<\/a><\/span><\/div><\/div><\/div><\/div><div class=\"rt-col-md-4 rt-col-sm-6 rt-col-xs-12 even-grid-item rt-grid-item\" data-id=\"1017\"><div class=\"rt-holder\"><div class='rt-detail'><h3 class=\"entry-title\"><a data-id=\"1017\" class=\"\" href=\"https:\/\/corf.fi\/?p=1017\">Uusi Edustus Awex Gmbh<\/a><\/h3><div class='post-meta-user  '><span class='author'><i class='fa fa-user '><\/i><a href=\"https:\/\/corf.fi\/?author=1\">Sander Allmere<\/a><\/span><span class='date'><i class='far fa-calendar-alt '><\/i>15 maaliskuun, 2021<\/span><\/div><div class='tpg-excerpt'>Corf Oy ja Awex ovat sopineet yhteisty\u00f6st\u00e4, joka kattaa Suomen ja Viron. Awex valmistaa kartongin...<\/div><div class='post-meta '><span class='read-more'><a data-id='1017' class='' href='https:\/\/corf.fi\/?p=1017'>Lue lis\u00e4\u00e4<\/a><\/span><\/div><\/div><\/div><\/div><div class=\"rt-col-md-4 rt-col-sm-6 rt-col-xs-12 even-grid-item rt-grid-item\" data-id=\"1014\"><div class=\"rt-holder\"><div class='rt-detail'><h3 class=\"entry-title\"><a data-id=\"1014\" class=\"\" href=\"https:\/\/corf.fi\/?p=1014\">Investointi HHS<\/a><\/h3><div class='post-meta-user  '><span class='author'><i class='fa fa-user '><\/i><a href=\"https:\/\/corf.fi\/?author=2\">Seppo Ursin<\/a><\/span><span class='date'><i class='far fa-calendar-alt '><\/i>15 maaliskuun, 2021<\/span><\/div><div class='tpg-excerpt'>Grano Oy p\u00e4ivitti liimausj\u00e4rjestelm\u00e4ns\u00e4\u00a0 ja valitsi Baumer hhs:n s\u00e4hk\u00f6iset ymp\u00e4rist\u00f6\u00e4 v\u00e4hemm\u00e4n kuormittavat HME 500 kuumaliimap\u00e4\u00e4t...<\/div><div class='post-meta '><span class='read-more'><a data-id='1014' class='' href='https:\/\/corf.fi\/?p=1014'>Lue lis\u00e4\u00e4<\/a><\/span><\/div><\/div><\/div><\/div><div class=\"rt-col-md-4 rt-col-sm-6 rt-col-xs-12 even-grid-item rt-grid-item\" data-id=\"1010\"><div class=\"rt-holder\"><div class='rt-detail'><h3 class=\"entry-title\"><a data-id=\"1010\" class=\"\" href=\"https:\/\/corf.fi\/?p=1010\">Spilker uusi tehdas k\u00e4ynnistyi<\/a><\/h3><div class='post-meta-user  '><span class='author'><i class='fa fa-user '><\/i><a href=\"https:\/\/corf.fi\/?author=1\">Sander Allmere<\/a><\/span><span class='date'><i class='far fa-calendar-alt '><\/i>3 marraskuun, 2020<\/span><\/div><div class='tpg-excerpt'>Spilker GmbH:n uusi tehdas stanssipeltien tuotantoon on k\u00e4ynnistynyt. Uusi tehdas sijaitsee Lage \/ Kachtenhausenissa ja...<\/div><div class='post-meta '><span class='read-more'><a data-id='1010' class='' href='https:\/\/corf.fi\/?p=1010'>Lue lis\u00e4\u00e4<\/a><\/span><\/div><\/div><\/div><\/div><div class=\"rt-col-md-4 rt-col-sm-6 rt-col-xs-12 even-grid-item rt-grid-item\" data-id=\"1008\"><div class=\"rt-holder\"><div class='rt-detail'><h3 class=\"entry-title\"><a data-id=\"1008\" class=\"\" href=\"https:\/\/corf.fi\/?p=1008\">The Postpress Alliance<\/a><\/h3><div class='post-meta-user  '><span class='author'><i class='fa fa-user '><\/i><a href=\"https:\/\/corf.fi\/?author=1\">Sander Allmere<\/a><\/span><span class='date'><i class='far fa-calendar-alt '><\/i>3 marraskuun, 2020<\/span><\/div><div class='tpg-excerpt'>J\u00e4lkik\u00e4sittelyn yhteenliittym\u00e4 j\u00e4rjest\u00e4\u00e4 virusvapaat virtuaaliset messut 24 - 27.11.2020. Hohner, Wohlenberg ja Bograma ovat tietysti...<\/div><div class='post-meta '><span class='read-more'><a data-id='1008' class='' href='https:\/\/corf.fi\/?p=1008'>Lue lis\u00e4\u00e4<\/a><\/span><\/div><\/div><\/div><\/div><div class=\"rt-col-md-4 rt-col-sm-6 rt-col-xs-12 even-grid-item rt-grid-item\" data-id=\"1004\"><div class=\"rt-holder\"><div class='rt-detail'><h3 class=\"entry-title\"><a data-id=\"1004\" class=\"\" href=\"https:\/\/corf.fi\/?p=1004\">Kes\u00e4 2020<\/a><\/h3><div class='post-meta-user  '><span class='author'><i class='fa fa-user '><\/i><a href=\"https:\/\/corf.fi\/?author=1\">Sander Allmere<\/a><\/span><span class='date'><i class='far fa-calendar-alt '><\/i>23 kes\u00e4kuun, 2020<\/span><\/div><div class='tpg-excerpt'>Corf Oy toivottaa kaikille asiakkaille hyv\u00e4\u00e4 ja l\u00e4mmint\u00e4 Kes\u00e4\u00e4. Palvelemme tutusti koko kes\u00e4n ajan. Ollaan...<\/div><div class='post-meta '><span class='read-more'><a data-id='1004' class='' href='https:\/\/corf.fi\/?p=1004'>Lue lis\u00e4\u00e4<\/a><\/span><\/div><\/div><\/div><\/div><div class=\"rt-col-md-4 rt-col-sm-6 rt-col-xs-12 even-grid-item rt-grid-item\" data-id=\"1002\"><div class=\"rt-holder\"><div class='rt-detail'><h3 class=\"entry-title\"><a data-id=\"1002\" class=\"\" href=\"https:\/\/corf.fi\/?p=1002\">Investointeja<\/a><\/h3><div class='post-meta-user  '><span class='author'><i class='fa fa-user '><\/i><a href=\"https:\/\/corf.fi\/?author=1\">Sander Allmere<\/a><\/span><span class='date'><i class='far fa-calendar-alt '><\/i>23 kes\u00e4kuun, 2020<\/span><\/div><div class='tpg-excerpt'>Corf Oy on toimittanut ensimm\u00e4isen Kraus TE liimaus ja laatikon suljentakoneen. Kone on varustettu integroidulla...<\/div><div class='post-meta '><span class='read-more'><a data-id='1002' class='' href='https:\/\/corf.fi\/?p=1002'>Lue lis\u00e4\u00e4<\/a><\/span><\/div><\/div><\/div><\/div><div class=\"rt-col-md-4 rt-col-sm-6 rt-col-xs-12 even-grid-item rt-grid-item\" data-id=\"1000\"><div class=\"rt-holder\"><div class='rt-detail'><h3 class=\"entry-title\"><a data-id=\"1000\" class=\"\" href=\"https:\/\/corf.fi\/?p=1000\">Yhteisty\u00f6 Kraus GmbH<\/a><\/h3><div class='post-meta-user  '><span class='author'><i class='fa fa-user '><\/i><a href=\"https:\/\/corf.fi\/?author=1\">Sander Allmere<\/a><\/span><span class='date'><i class='far fa-calendar-alt '><\/i>23 kes\u00e4kuun, 2020<\/span><\/div><div class='tpg-excerpt'>Corf Oy on sopinut Saksalaisen Kraus Machinenbau GmbH:n kanssa yhteisty\u00f6st\u00e4 Suomessa. Kraus valmistaa monipuolisia koneita...<\/div><div class='post-meta '><span class='read-more'><a data-id='1000' class='' href='https:\/\/corf.fi\/?p=1000'>Lue lis\u00e4\u00e4<\/a><\/span><\/div><\/div><\/div><\/div><div class=\"rt-col-md-4 rt-col-sm-6 rt-col-xs-12 even-grid-item rt-grid-item\" data-id=\"997\"><div class=\"rt-holder\"><div class='rt-detail'><h3 class=\"entry-title\"><a data-id=\"997\" class=\"\" href=\"https:\/\/corf.fi\/?p=997\">Hyv\u00e4\u00e4 Uutta Vuotta<\/a><\/h3><div class='post-meta-user  '><span class='author'><i class='fa fa-user '><\/i><a href=\"https:\/\/corf.fi\/?author=1\">Sander Allmere<\/a><\/span><span class='date'><i class='far fa-calendar-alt '><\/i>30 joulukuun, 2019<\/span><\/div><div class='tpg-excerpt'>Corf Oy kiitt\u00e4\u00e4 kaikkia asiakkaitaan vuodesta 2019 ja toivottaa menestyst\u00e4 vuodelle 2020...<\/div><div class='post-meta '><span class='read-more'><a data-id='997' class='' href='https:\/\/corf.fi\/?p=997'>Lue lis\u00e4\u00e4<\/a><\/span><\/div><\/div><\/div><\/div><\/div><div class='rt-pagination-wrap' data-total-pages='2' data-posts-per-page='9' data-type='pagination'  ><div class=\"rt-pagination\" ><ul class=\"pagination-list\"><li class=\"active\"><span>1<\/span><\/li><li><a data-paged='2' href='https:\/\/corf.fi\/index.php?rest_route=%2Fwp%2Fv2%2Fpages%2F1151&#038;paged=2'>2<\/a><\/li><\/ul><\/div><\/div><\/div><\/div>\n\t\t\t\t<\/div>\n\t\t\t\t<\/div>\n\t\t\t\t\t<\/div>\n\t\t\t\t<\/div>\n\t\t<footer class=\"elementor-element elementor-element-13dc95dd e-con-full e-flex e-con e-parent\" data-id=\"13dc95dd\" data-element_type=\"container\" data-settings=\"{&quot;content_width&quot;:&quot;full&quot;,&quot;background_background&quot;:&quot;classic&quot;}\" data-core-v316-plus=\"true\">\n\t\t<div class=\"elementor-element elementor-element-70a14f6b e-flex e-con-boxed e-con e-child\" data-id=\"70a14f6b\" data-element_type=\"container\" data-settings=\"{&quot;content_width&quot;:&quot;boxed&quot;}\">\n\t\t\t\t\t<div class=\"e-con-inner\">\n\t\t\t\t<div class=\"elementor-element elementor-element-620b29a7 elementor-widget elementor-widget-image\" data-id=\"620b29a7\" data-element_type=\"widget\" data-widget_type=\"image.default\">\n\t\t\t\t<div class=\"elementor-widget-container\">\n\t\t\t<style>\/*! elementor - v3.16.0 - 20-09-2023 *\/\n.elementor-widget-image{text-align:center}.elementor-widget-image a{display:inline-block}.elementor-widget-image a img[src$=\".svg\"]{width:48px}.elementor-widget-image img{vertical-align:middle;display:inline-block}<\/style>\t\t\t\t\t\t\t\t\t\t\t\t<img loading=\"lazy\" decoding=\"async\" width=\"312\" height=\"100\" src=\"https:\/\/i0.wp.com\/corf.fi\/wp-content\/uploads\/2015\/10\/corf_logo_410x100.png?fit=312%2C100&amp;ssl=1\" class=\"attachment-medium_large size-medium_large wp-image-874\" alt=\"\" \/>\t\t\t\t\t\t\t\t\t\t\t\t\t\t\t<\/div>\n\t\t\t\t<\/div>\n\t\t\t\t\t<\/div>\n\t\t\t\t<\/div>\n\t\t<div class=\"elementor-element elementor-element-c6fe2e8 e-flex e-con-boxed e-con e-child\" data-id=\"c6fe2e8\" data-element_type=\"container\" data-settings=\"{&quot;content_width&quot;:&quot;boxed&quot;}\">\n\t\t\t\t\t<div class=\"e-con-inner\">\n\t\t\t\t<div class=\"elementor-element elementor-element-69556ff0 elementor-widget elementor-widget-text-editor\" data-id=\"69556ff0\" data-element_type=\"widget\" data-widget_type=\"text-editor.default\">\n\t\t\t\t<div class=\"elementor-widget-container\">\n\t\t\t<style>\/*! elementor - v3.16.0 - 20-09-2023 *\/\n.elementor-widget-text-editor.elementor-drop-cap-view-stacked .elementor-drop-cap{background-color:#69727d;color:#fff}.elementor-widget-text-editor.elementor-drop-cap-view-framed .elementor-drop-cap{color:#69727d;border:3px solid;background-color:transparent}.elementor-widget-text-editor:not(.elementor-drop-cap-view-default) .elementor-drop-cap{margin-top:8px}.elementor-widget-text-editor:not(.elementor-drop-cap-view-default) .elementor-drop-cap-letter{width:1em;height:1em}.elementor-widget-text-editor .elementor-drop-cap{float:left;text-align:center;line-height:1;font-size:50px}.elementor-widget-text-editor .elementor-drop-cap-letter{display:inline-block}<\/style>\t\t\t\t<p><strong>Sivut<\/strong><\/p><p><a style=\"color: #000; text-decoration: underline;\" href=\"\/\">Etusivu<\/a><\/p><p><a style=\"color: #000; text-decoration: underline;\" href=\"https:\/\/corf.fi\/?page_id=1049\">Edustamamme yritykset<\/a><\/p><p><a style=\"color: #000; text-decoration: underline;\" href=\"https:\/\/corf.fi\/?page_id=1086\">Tilaukset ja tarjouspyynn\u00f6t<\/a><\/p><p><a style=\"color: #000; text-decoration: underline;\" href=\"https:\/\/corf.fi\/?page_id=1151\">Uutiset<\/a><\/p><p><a style=\"color: #000; text-decoration: underline;\" href=\"https:\/\/corf.fi\/?page_id=1145\">Ota yhteytt\u00e4<\/a><\/p>\t\t\t\t\t\t<\/div>\n\t\t\t\t<\/div>\n\t\t\t\t\t<\/div>\n\t\t\t\t<\/div>\n\t\t<div class=\"elementor-element elementor-element-7aa67a15 e-flex e-con-boxed e-con e-child\" data-id=\"7aa67a15\" data-element_type=\"container\" data-settings=\"{&quot;content_width&quot;:&quot;boxed&quot;}\">\n\t\t\t\t\t<div class=\"e-con-inner\">\n\t\t\t\t<div class=\"elementor-element elementor-element-2227bb20 elementor-widget elementor-widget-text-editor\" data-id=\"2227bb20\" data-element_type=\"widget\" data-widget_type=\"text-editor.default\">\n\t\t\t\t<div class=\"elementor-widget-container\">\n\t\t\t\t\t\t\t<p><strong>Sivut<\/strong><\/p><p>Corf Oy<\/p><p>Karakalliontie 14 F 44 02620 Espoo<\/p><p><a style=\"color: #000; text-decoration: underline;\" href=\"tel:+358 44 9716038\">+358 44 9716038<\/a><\/p><p><a style=\"color: #000; text-decoration: underline;\" href=\"mailto:seppo@corf.fi\">seppo@corf.fi<\/a><\/p>\t\t\t\t\t\t<\/div>\n\t\t\t\t<\/div>\n\t\t\t\t\t<\/div>\n\t\t\t\t<\/div>\n\t\t\t\t<\/footer>\n\t\t\t\t\t\t\t<\/div>\n\t\t","protected":false},"excerpt":{"rendered":"<p>Uutiset Sivut Etusivu Edustamamme yritykset Tilaukset ja tarjouspyynn\u00f6t Uutiset Ota yhteytt\u00e4 Sivut Corf Oy Karakalliontie 14 F 44 02620 Espoo +358 44 9716038 seppo@corf.fi<\/p>\n","protected":false},"author":2,"featured_media":0,"parent":0,"menu_order":0,"comment_status":"closed","ping_status":"closed","template":"elementor_header_footer","meta":{"footnotes":""},"class_list":["post-1151","page","type-page","status-publish","hentry"],"jetpack_sharing_enabled":true,"rttpg_featured_image_url":null,"rttpg_author":{"display_name":"Seppo Ursin","author_link":"https:\/\/corf.fi\/?author=2"},"rttpg_comment":0,"rttpg_category":"","rttpg_excerpt":"Uutiset Sivut Etusivu Edustamamme yritykset Tilaukset ja tarjouspyynn\u00f6t Uutiset Ota yhteytt\u00e4 Sivut Corf Oy Karakalliontie 14 F 44 02620 Espoo +358 44 9716038 seppo@corf.fi","_links":{"self":[{"href":"https:\/\/corf.fi\/index.php?rest_route=\/wp\/v2\/pages\/1151","targetHints":{"allow":["GET"]}}],"collection":[{"href":"https:\/\/corf.fi\/index.php?rest_route=\/wp\/v2\/pages"}],"about":[{"href":"https:\/\/corf.fi\/index.php?rest_route=\/wp\/v2\/types\/page"}],"author":[{"embeddable":true,"href":"https:\/\/corf.fi\/index.php?rest_route=\/wp\/v2\/users\/2"}],"replies":[{"embeddable":true,"href":"https:\/\/corf.fi\/index.php?rest_route=%2Fwp%2Fv2%2Fcomments&post=1151"}],"version-history":[{"count":29,"href":"https:\/\/corf.fi\/index.php?rest_route=\/wp\/v2\/pages\/1151\/revisions"}],"predecessor-version":[{"id":1486,"href":"https:\/\/corf.fi\/index.php?rest_route=\/wp\/v2\/pages\/1151\/revisions\/1486"}],"wp:attachment":[{"href":"https:\/\/corf.fi\/index.php?rest_route=%2Fwp%2Fv2%2Fmedia&parent=1151"}],"curies":[{"name":"wp","href":"https:\/\/api.w.org\/{rel}","templated":true}]}}