{"id":1086,"date":"2023-10-25T19:56:00","date_gmt":"2023-10-25T16:56:00","guid":{"rendered":"https:\/\/corf.fi\/?page_id=1086"},"modified":"2023-11-03T15:50:40","modified_gmt":"2023-11-03T12:50:40","slug":"varaosatilaus","status":"publish","type":"page","link":"https:\/\/corf.fi\/?page_id=1086","title":{"rendered":"Varaosatilaus"},"content":{"rendered":"\t\t<div data-elementor-type=\"wp-page\" data-elementor-id=\"1086\" class=\"elementor elementor-1086\">\n\t\t\t\t\t\t\t<div class=\"elementor-element elementor-element-f288490 e-flex e-con-boxed e-con e-parent\" data-id=\"f288490\" data-element_type=\"container\" data-settings=\"{&quot;content_width&quot;:&quot;boxed&quot;}\" data-core-v316-plus=\"true\">\n\t\t\t\t\t<div class=\"e-con-inner\">\n\t\t\t\t<div class=\"elementor-element elementor-element-bf8de91 elementor-widget elementor-widget-heading\" data-id=\"bf8de91\" data-element_type=\"widget\" data-widget_type=\"heading.default\">\n\t\t\t\t<div class=\"elementor-widget-container\">\n\t\t\t<style>\/*! elementor - v3.16.0 - 20-09-2023 *\/\n.elementor-heading-title{padding:0;margin:0;line-height:1}.elementor-widget-heading .elementor-heading-title[class*=elementor-size-]>a{color:inherit;font-size:inherit;line-height:inherit}.elementor-widget-heading .elementor-heading-title.elementor-size-small{font-size:15px}.elementor-widget-heading .elementor-heading-title.elementor-size-medium{font-size:19px}.elementor-widget-heading .elementor-heading-title.elementor-size-large{font-size:29px}.elementor-widget-heading .elementor-heading-title.elementor-size-xl{font-size:39px}.elementor-widget-heading .elementor-heading-title.elementor-size-xxl{font-size:59px}<\/style><h2 class=\"elementor-heading-title elementor-size-default\">Tilaukset ja tarjouspyynn\u00f6t<\/h2>\t\t<\/div>\n\t\t\t\t<\/div>\n\t\t\t\t<div class=\"elementor-element elementor-element-e71d8b3 elementor-widget elementor-widget-text-editor\" data-id=\"e71d8b3\" data-element_type=\"widget\" data-widget_type=\"text-editor.default\">\n\t\t\t\t<div class=\"elementor-widget-container\">\n\t\t\t<style>\/*! elementor - v3.16.0 - 20-09-2023 *\/\n.elementor-widget-text-editor.elementor-drop-cap-view-stacked .elementor-drop-cap{background-color:#69727d;color:#fff}.elementor-widget-text-editor.elementor-drop-cap-view-framed .elementor-drop-cap{color:#69727d;border:3px solid;background-color:transparent}.elementor-widget-text-editor:not(.elementor-drop-cap-view-default) .elementor-drop-cap{margin-top:8px}.elementor-widget-text-editor:not(.elementor-drop-cap-view-default) .elementor-drop-cap-letter{width:1em;height:1em}.elementor-widget-text-editor .elementor-drop-cap{float:left;text-align:center;line-height:1;font-size:50px}.elementor-widget-text-editor .elementor-drop-cap-letter{display:inline-block}<\/style>\t\t\t\t<p>T\u00e4yt\u00e4 alla oleva lomake niin olemme teihin yhteydess\u00e4 mahdollisimman pian.<\/p>\t\t\t\t\t\t<\/div>\n\t\t\t\t<\/div>\n\t\t\t\t\t<\/div>\n\t\t\t\t<\/div>\n\t\t<div class=\"elementor-element elementor-element-af498b2 e-flex e-con-boxed e-con e-parent\" data-id=\"af498b2\" data-element_type=\"container\" data-settings=\"{&quot;content_width&quot;:&quot;boxed&quot;}\" data-core-v316-plus=\"true\">\n\t\t\t\t\t<div class=\"e-con-inner\">\n\t\t\t\t<div class=\"elementor-element elementor-element-2a757c6 elementor-widget elementor-widget-shortcode\" data-id=\"2a757c6\" data-element_type=\"widget\" data-widget_type=\"shortcode.default\">\n\t\t\t\t<div class=\"elementor-widget-container\">\n\t\t\t\t\t<div class=\"elementor-shortcode\"><div class=\"forminator-ui forminator-custom-form forminator-custom-form-1125 forminator-design--flat  forminator_ajax\" data-forminator-render=\"0\" data-form=\"forminator-module-1125\" data-uid=\"6a095223d41c1\"><br\/><\/div><form\n\t\t\t\tid=\"forminator-module-1125\"\n\t\t\t\tclass=\"forminator-ui forminator-custom-form forminator-custom-form-1125 forminator-design--flat  forminator_ajax\"\n\t\t\t\tmethod=\"post\"\n\t\t\t\tdata-forminator-render=\"0\"\n\t\t\t\tdata-form-id=\"1125\"\n\t\t\t\t\n\t\t\t\tdata-design=\"flat\"\n\t\t\t\t\n\t\t\t\t\n\t\t\t\t\n\t\t\t\tdata-grid=\"open\"\n\t\t\t\tenctype=\"multipart\/form-data\"\n\t\t\t\t\n\t\t\t\tstyle=\"display: none;\"\n\t\t\t\t\n\t\t\t\tdata-uid=\"6a095223d41c1\"\n\t\t\t><div role=\"alert\" aria-live=\"polite\" class=\"forminator-response-message forminator-error\" aria-hidden=\"true\"><\/div><div class=\"forminator-row\"><div id=\"select-1\" class=\"forminator-field-select forminator-col forminator-col-12 \"><div class=\"forminator-field\"><label for=\"forminator-form-1125__field--select-1_6a095223d41c1\" id=\"forminator-form-1125__field--select-1_6a095223d41c1-label\" class=\"forminator-label\">Valitse valmistaja<\/label><select id=\"forminator-form-1125__field--select-1_6a095223d41c1\" class=\"forminator-select--field forminator-select2\" data-required=\"\" name=\"select-1\" data-default-value=\"\" data-hidden-behavior=\"zero\" data-placeholder=\"\" data-search=\"false\" aria-labelledby=\"forminator-form-1125__field--select-1_6a095223d41c1-label\" aria-describedby=\"forminator-form-1125__field--select-1_6a095223d41c1-description\"><option value=\"Baumer hhs\"  data-calculation=\"0\">Baumer hhs<\/option><option value=\"Spilker\"  data-calculation=\"0\">Spilker<\/option><option value=\"RIMA-SYSTEM\"  data-calculation=\"0\">RIMA-SYSTEM<\/option><option value=\"Systemation\"  data-calculation=\"0\">Systemation<\/option><option value=\"AWEX\"  data-calculation=\"0\">AWEX<\/option><option value=\"Heinrich Erdmann\"  data-calculation=\"0\">Heinrich Erdmann<\/option><option value=\"Bograma AG\"  data-calculation=\"0\">Bograma AG<\/option><option value=\"Kraus-Maschinenbau-GmbH\"  data-calculation=\"0\">Kraus Maschinenbau GmbH<\/option><\/select><\/div><\/div><\/div><div class=\"forminator-row\"><div id=\"text-1\" class=\"forminator-field-text forminator-col forminator-col-12 \"><div class=\"forminator-field\"><label for=\"forminator-field-text-1_6a095223d41c1\" class=\"forminator-label\" id=\"forminator-field-text-1_6a095223d41c1-label\">Tuote\/Varaosanumero<\/label><input type=\"text\" name=\"text-1\" value=\"\" placeholder=\"Kirjoita tuotenumero...\" id=\"forminator-field-text-1_6a095223d41c1\" class=\"forminator-input forminator-name--field\" data-required=\"\" \/><\/div><\/div><\/div><div class=\"forminator-row\"><div id=\"textarea-1\" class=\"forminator-field-textarea forminator-col forminator-col-12 \"><div class=\"forminator-field\"><label for=\"forminator-field-textarea-1_6a095223d41c1\" id=\"forminator-field-textarea-1_6a095223d41c1-label\" class=\"forminator-label\">Viesti<\/label><textarea name=\"textarea-1\" placeholder=\"Kirjoita viesti...\" id=\"forminator-field-textarea-1_6a095223d41c1\" class=\"forminator-textarea\" rows=\"6\" style=\"min-height:140px;\" maxlength=\"180\" ><\/textarea><span id=\"forminator-field-textarea-1_6a095223d41c1-description\" class=\"forminator-description\"><span data-limit=\"180\" data-type=\"characters\">0 \/ 180<\/span><\/span><\/div><\/div><\/div><div class=\"forminator-row\"><div id=\"upload-1\" class=\"forminator-field-upload forminator-col forminator-col-12 \"><div class=\"forminator-field\"><label for=\"forminator-field-upload-1_6a095223d41c1\" class=\"forminator-label\">Kuvatiedosto<\/label><div class=\"forminator-multi-upload \" data-element=\"upload-1_6a095223d41c1\" aria-describedby=\"forminator-field-upload-1_6a095223d41c1-description\"><input type=\"file\" name=\"upload-1[]\" id=\"forminator-field-upload-1_6a095223d41c1\" class=\"forminator-input-file forminator-field-upload-1_6a095223d41c1-1125\" multiple=\"multiple\" data-method=\"ajax\" accept=\".webp,.css,.htm,.html,.dfxp,.js,.redux,.jpg,.jpeg,.jpe,.png,.pdf,.heic\" data-limit=\"3\" data-limit-message=\"You can upload a maximum of 3 files.\" data-size=\"8000000\" data-size-message=\"Maximum file size allowed is 8 MB. \" data-filetype=\"webp|css|htm|html|dfxp|js|redux|jpg|jpeg|jpe|png|pdf|heic\" data-filetype-message=\"file extension is not allowed.\"><div class=\"forminator-multi-upload-message\" aria-hidden=\"true\"><span class=\"forminator-icon-upload\" aria-hidden=\"true\"><\/span><p>Drag and Drop (or) <a class=\"forminator-upload-file--forminator-field-upload-1_6a095223d41c1\" href=\"javascript:void(0)\">Choose Files<\/a><\/p><\/div><\/div><span id=\"forminator-field-upload-1_6a095223d41c1-description\" class=\"forminator-description\">Voit halutessasi ladata kuvan tuotteesta<\/span><ul class=\"forminator-uploaded-files upload-container-upload-1_6a095223d41c1\"><\/ul><\/div><\/div><\/div><div class=\"forminator-row\"><div id=\"text-3\" class=\"forminator-field-text forminator-col forminator-col-6 \"><div class=\"forminator-field\"><label for=\"forminator-field-text-3_6a095223d41c1\" class=\"forminator-label\" id=\"forminator-field-text-3_6a095223d41c1-label\">Etunimi <span class=\"forminator-required\">*<\/span><\/label><input type=\"text\" name=\"text-3\" value=\"\" placeholder=\"Kirjoita etunimi...\" id=\"forminator-field-text-3_6a095223d41c1\" class=\"forminator-input forminator-name--field\" data-required=\"1\" \/><\/div><\/div><div id=\"text-4\" class=\"forminator-field-text forminator-col forminator-col-6 \"><div class=\"forminator-field\"><label for=\"forminator-field-text-4_6a095223d41c1\" class=\"forminator-label\" id=\"forminator-field-text-4_6a095223d41c1-label\">Sukunimi <span class=\"forminator-required\">*<\/span><\/label><input type=\"text\" name=\"text-4\" value=\"\" placeholder=\"Kirjoita sukunimi...\" id=\"forminator-field-text-4_6a095223d41c1\" class=\"forminator-input forminator-name--field\" data-required=\"1\" \/><\/div><\/div><\/div><div class=\"forminator-row\"><div id=\"text-2\" class=\"forminator-field-text forminator-col forminator-col-12 \"><div class=\"forminator-field\"><label for=\"forminator-field-text-2_6a095223d41c1\" class=\"forminator-label\" id=\"forminator-field-text-2_6a095223d41c1-label\">Yritys<\/label><input type=\"text\" name=\"text-2\" value=\"\" placeholder=\"Kirjoita yritys...\" id=\"forminator-field-text-2_6a095223d41c1\" class=\"forminator-input forminator-name--field\" data-required=\"\" \/><\/div><\/div><\/div><div class=\"forminator-row\"><div id=\"email-1\" class=\"forminator-field-email forminator-col forminator-col-12 \"><div class=\"forminator-field\"><label for=\"forminator-field-email-1_6a095223d41c1\" class=\"forminator-label\" id=\"forminator-field-email-1_6a095223d41c1-label\">S\u00e4hk\u00f6posti <span class=\"forminator-required\">*<\/span><\/label><input type=\"email\" name=\"email-1\" value=\"\" placeholder=\"Kirjoita s\u00e4hk\u00f6posti...\" id=\"forminator-field-email-1_6a095223d41c1\" class=\"forminator-input forminator-email--field\" data-required=\"true\" aria-required=\"true\" \/><\/div><\/div><\/div><div class=\"forminator-row\"><div id=\"phone-1\" class=\"forminator-field-phone forminator-col forminator-col-12 \"><div class=\"forminator-field\"><label for=\"forminator-field-phone-1_6a095223d41c1\" class=\"forminator-label\" id=\"forminator-field-phone-1_6a095223d41c1-label\">Puhelinnumero<\/label><input type=\"text\" name=\"phone-1\" value=\"\" placeholder=\"Kirjoita puhelinnumero...\" id=\"forminator-field-phone-1_6a095223d41c1\" class=\"forminator-input forminator-field--phone\" data-required=\"\" aria-required=\"false\" autocomplete=\"off\" data-validation=\"1\" \/><\/div><\/div><\/div><input type=\"hidden\" name=\"referer_url\" value=\"\" \/><div class=\"forminator-row forminator-row-last\"><div class=\"forminator-col\"><div class=\"forminator-field\"><button class=\"forminator-button forminator-button-submit\">L&auml;het&auml;<\/button><\/div><\/div><\/div><input type=\"hidden\" id=\"forminator_nonce\" name=\"forminator_nonce\" value=\"bfb483c0ad\" \/><input type=\"hidden\" name=\"_wp_http_referer\" value=\"\/index.php?rest_route=%2Fwp%2Fv2%2Fpages%2F1086\" \/><input type=\"hidden\" name=\"form_id\" value=\"1125\"><input type=\"hidden\" name=\"page_id\" value=\"1086\"><input type=\"hidden\" name=\"form_type\" value=\"default\"><input type=\"hidden\" name=\"current_url\" value=\"https:\/\/corf.fi\/?page_id=1086\"><input type=\"hidden\" name=\"render_id\" value=\"0\"><input type=\"hidden\" name=\"forminator-multifile-hidden\" class=\"forminator-multifile-hidden\"><input type=\"hidden\" name=\"action\" value=\"forminator_submit_form_custom-forms\"><\/form><\/div>\n\t\t\t\t<\/div>\n\t\t\t\t<\/div>\n\t\t\t\t\t<\/div>\n\t\t\t\t<\/div>\n\t\t<footer class=\"elementor-element elementor-element-27196086 e-con-full e-flex e-con e-parent\" data-id=\"27196086\" data-element_type=\"container\" data-settings=\"{&quot;content_width&quot;:&quot;full&quot;,&quot;background_background&quot;:&quot;classic&quot;}\" data-core-v316-plus=\"true\">\n\t\t<div class=\"elementor-element elementor-element-951ce35 e-flex e-con-boxed e-con e-child\" data-id=\"951ce35\" data-element_type=\"container\" data-settings=\"{&quot;content_width&quot;:&quot;boxed&quot;}\">\n\t\t\t\t\t<div class=\"e-con-inner\">\n\t\t\t\t<div class=\"elementor-element elementor-element-654baa34 elementor-widget elementor-widget-image\" data-id=\"654baa34\" data-element_type=\"widget\" data-widget_type=\"image.default\">\n\t\t\t\t<div class=\"elementor-widget-container\">\n\t\t\t<style>\/*! elementor - v3.16.0 - 20-09-2023 *\/\n.elementor-widget-image{text-align:center}.elementor-widget-image a{display:inline-block}.elementor-widget-image a img[src$=\".svg\"]{width:48px}.elementor-widget-image img{vertical-align:middle;display:inline-block}<\/style>\t\t\t\t\t\t\t\t\t\t\t\t<img loading=\"lazy\" decoding=\"async\" width=\"312\" height=\"100\" src=\"https:\/\/i0.wp.com\/corf.fi\/wp-content\/uploads\/2015\/10\/corf_logo_410x100.png?fit=312%2C100&amp;ssl=1\" class=\"attachment-medium_large size-medium_large wp-image-874\" alt=\"\" \/>\t\t\t\t\t\t\t\t\t\t\t\t\t\t\t<\/div>\n\t\t\t\t<\/div>\n\t\t\t\t\t<\/div>\n\t\t\t\t<\/div>\n\t\t<div class=\"elementor-element elementor-element-75c42475 e-flex e-con-boxed e-con e-child\" data-id=\"75c42475\" data-element_type=\"container\" data-settings=\"{&quot;content_width&quot;:&quot;boxed&quot;}\">\n\t\t\t\t\t<div class=\"e-con-inner\">\n\t\t\t\t<div class=\"elementor-element elementor-element-7d654288 elementor-widget elementor-widget-text-editor\" data-id=\"7d654288\" data-element_type=\"widget\" data-widget_type=\"text-editor.default\">\n\t\t\t\t<div class=\"elementor-widget-container\">\n\t\t\t\t\t\t\t<p><strong>Sivut<\/strong><\/p><p><a style=\"color: #000; text-decoration: underline;\" href=\"\/\">Etusivu<\/a><\/p><p><a style=\"color: #000; text-decoration: underline;\" href=\"https:\/\/corf.fi\/?page_id=1049\">Edustamamme yritykset<\/a><\/p><p><a style=\"color: #000; text-decoration: underline;\" href=\"https:\/\/corf.fi\/?page_id=1086\">Tilaukset ja tarjouspyynn\u00f6t<\/a><\/p><p><a style=\"color: #000; text-decoration: underline;\" href=\"https:\/\/corf.fi\/?page_id=1151\">Uutiset<\/a><\/p><p><a style=\"color: #000; text-decoration: underline;\" href=\"https:\/\/corf.fi\/?page_id=1145\">Ota yhteytt\u00e4<\/a><\/p>\t\t\t\t\t\t<\/div>\n\t\t\t\t<\/div>\n\t\t\t\t\t<\/div>\n\t\t\t\t<\/div>\n\t\t<div class=\"elementor-element elementor-element-3a9b5e50 e-flex e-con-boxed e-con e-child\" data-id=\"3a9b5e50\" data-element_type=\"container\" data-settings=\"{&quot;content_width&quot;:&quot;boxed&quot;}\">\n\t\t\t\t\t<div class=\"e-con-inner\">\n\t\t\t\t<div class=\"elementor-element elementor-element-18b7e8b3 elementor-widget elementor-widget-text-editor\" data-id=\"18b7e8b3\" data-element_type=\"widget\" data-widget_type=\"text-editor.default\">\n\t\t\t\t<div class=\"elementor-widget-container\">\n\t\t\t\t\t\t\t<p><strong>Sivut<\/strong><\/p><p>Corf Oy<\/p><p>Karakalliontie 14 F 44 02620 Espoo<\/p><p><a style=\"color: #000; text-decoration: underline;\" href=\"tel:+358 44 9716038\">+358 44 9716038<\/a><\/p><p><a style=\"color: #000; text-decoration: underline;\" href=\"mailto:seppo@corf.fi\">seppo@corf.fi<\/a><\/p>\t\t\t\t\t\t<\/div>\n\t\t\t\t<\/div>\n\t\t\t\t\t<\/div>\n\t\t\t\t<\/div>\n\t\t\t\t<\/footer>\n\t\t\t\t\t\t\t<\/div>\n\t\t","protected":false},"excerpt":{"rendered":"<p>Tilaukset ja tarjouspyynn\u00f6t T\u00e4yt\u00e4 alla oleva lomake niin olemme teihin yhteydess\u00e4 mahdollisimman pian. Sivut Etusivu Edustamamme yritykset Tilaukset ja tarjouspyynn\u00f6t Uutiset Ota yhteytt\u00e4 Sivut Corf Oy Karakalliontie 14 F 44 02620 Espoo +358 44 9716038 seppo@corf.fi<\/p>\n","protected":false},"author":2,"featured_media":0,"parent":0,"menu_order":0,"comment_status":"closed","ping_status":"closed","template":"elementor_header_footer","meta":{"footnotes":""},"class_list":["post-1086","page","type-page","status-publish","hentry"],"jetpack_sharing_enabled":true,"rttpg_featured_image_url":null,"rttpg_author":{"display_name":"Seppo Ursin","author_link":"https:\/\/corf.fi\/?author=2"},"rttpg_comment":0,"rttpg_category":null,"rttpg_excerpt":"Tilaukset ja tarjouspyynn\u00f6t T\u00e4yt\u00e4 alla oleva lomake niin olemme teihin yhteydess\u00e4 mahdollisimman pian. Sivut Etusivu Edustamamme yritykset Tilaukset ja tarjouspyynn\u00f6t Uutiset Ota yhteytt\u00e4 Sivut Corf Oy Karakalliontie 14 F 44 02620 Espoo +358 44 9716038 seppo@corf.fi","_links":{"self":[{"href":"https:\/\/corf.fi\/index.php?rest_route=\/wp\/v2\/pages\/1086","targetHints":{"allow":["GET"]}}],"collection":[{"href":"https:\/\/corf.fi\/index.php?rest_route=\/wp\/v2\/pages"}],"about":[{"href":"https:\/\/corf.fi\/index.php?rest_route=\/wp\/v2\/types\/page"}],"author":[{"embeddable":true,"href":"https:\/\/corf.fi\/index.php?rest_route=\/wp\/v2\/users\/2"}],"replies":[{"embeddable":true,"href":"https:\/\/corf.fi\/index.php?rest_route=%2Fwp%2Fv2%2Fcomments&post=1086"}],"version-history":[{"count":23,"href":"https:\/\/corf.fi\/index.php?rest_route=\/wp\/v2\/pages\/1086\/revisions"}],"predecessor-version":[{"id":1483,"href":"https:\/\/corf.fi\/index.php?rest_route=\/wp\/v2\/pages\/1086\/revisions\/1483"}],"wp:attachment":[{"href":"https:\/\/corf.fi\/index.php?rest_route=%2Fwp%2Fv2%2Fmedia&parent=1086"}],"curies":[{"name":"wp","href":"https:\/\/api.w.org\/{rel}","templated":true}]}}