{"id":1031,"date":"2023-10-25T17:03:46","date_gmt":"2023-10-25T14:03:46","guid":{"rendered":"https:\/\/corf.fi\/?page_id=1031"},"modified":"2023-11-03T15:50:02","modified_gmt":"2023-11-03T12:50:02","slug":"etusivu","status":"publish","type":"page","link":"https:\/\/corf.fi\/","title":{"rendered":"Etusivu"},"content":{"rendered":"\t\t<div data-elementor-type=\"wp-post\" data-elementor-id=\"1031\" class=\"elementor elementor-1031\">\n\t\t\t\t\t\t\t<div class=\"elementor-element elementor-element-11cb1775 e-flex e-con-boxed e-con e-parent\" data-id=\"11cb1775\" data-element_type=\"container\" data-settings=\"{&quot;background_background&quot;:&quot;classic&quot;,&quot;content_width&quot;:&quot;boxed&quot;}\" data-core-v316-plus=\"true\">\n\t\t\t\t\t<div class=\"e-con-inner\">\n\t\t\t\t<div class=\"elementor-element elementor-element-1bc819c0 elementor-widget elementor-widget-heading\" data-id=\"1bc819c0\" data-element_type=\"widget\" data-widget_type=\"heading.default\">\n\t\t\t\t<div class=\"elementor-widget-container\">\n\t\t\t<style>\/*! elementor - v3.16.0 - 20-09-2023 *\/\n.elementor-heading-title{padding:0;margin:0;line-height:1}.elementor-widget-heading .elementor-heading-title[class*=elementor-size-]>a{color:inherit;font-size:inherit;line-height:inherit}.elementor-widget-heading .elementor-heading-title.elementor-size-small{font-size:15px}.elementor-widget-heading .elementor-heading-title.elementor-size-medium{font-size:19px}.elementor-widget-heading .elementor-heading-title.elementor-size-large{font-size:29px}.elementor-widget-heading .elementor-heading-title.elementor-size-xl{font-size:39px}.elementor-widget-heading .elementor-heading-title.elementor-size-xxl{font-size:59px}<\/style><h6 class=\"elementor-heading-title elementor-size-default\">luotettava kumppani<\/h6>\t\t<\/div>\n\t\t\t\t<\/div>\n\t\t\t\t<div class=\"elementor-element elementor-element-2be063b2 elementor-widget elementor-widget-heading\" data-id=\"2be063b2\" data-element_type=\"widget\" data-widget_type=\"heading.default\">\n\t\t\t\t<div class=\"elementor-widget-container\">\n\t\t\t<h1 class=\"elementor-heading-title elementor-size-default\">Graafisen ja pakkausalan koneiden asiantuntija.<\/h1>\t\t<\/div>\n\t\t\t\t<\/div>\n\t\t\t\t<div class=\"elementor-element elementor-element-76209177 elementor-widget elementor-widget-heading\" data-id=\"76209177\" data-element_type=\"widget\" data-widget_type=\"heading.default\">\n\t\t\t\t<div class=\"elementor-widget-container\">\n\t\t\t<h5 class=\"elementor-heading-title elementor-size-default\">Olemme kasvava graafisen,- ja pakkausalan koneita ja palveluja tarjoava yritys.<\/h5>\t\t<\/div>\n\t\t\t\t<\/div>\n\t\t\t\t<div class=\"elementor-element elementor-element-70fc9c90 elementor-align-center elementor-widget elementor-widget-button\" data-id=\"70fc9c90\" data-element_type=\"widget\" data-widget_type=\"button.default\">\n\t\t\t\t<div class=\"elementor-widget-container\">\n\t\t\t\t\t<div class=\"elementor-button-wrapper\">\n\t\t\t<a class=\"elementor-button elementor-button-link elementor-size-sm\" href=\"https:\/\/corf.fi\/?page_id=1145\">\n\t\t\t\t\t\t<span class=\"elementor-button-content-wrapper\">\n\t\t\t\t\t\t<span class=\"elementor-button-text\">Ota yhteytt\u00e4<\/span>\n\t\t<\/span>\n\t\t\t\t\t<\/a>\n\t\t<\/div>\n\t\t\t\t<\/div>\n\t\t\t\t<\/div>\n\t\t\t\t\t<\/div>\n\t\t\t\t<\/div>\n\t\t<div class=\"elementor-element elementor-element-ad0984e e-flex e-con-boxed e-con e-parent\" data-id=\"ad0984e\" data-element_type=\"container\" data-settings=\"{&quot;content_width&quot;:&quot;boxed&quot;}\" data-core-v316-plus=\"true\">\n\t\t\t\t\t<div class=\"e-con-inner\">\n\t\t\t\t<div class=\"elementor-element elementor-element-67d4604 elementor-widget elementor-widget-heading\" data-id=\"67d4604\" data-element_type=\"widget\" data-widget_type=\"heading.default\">\n\t\t\t\t<div class=\"elementor-widget-container\">\n\t\t\t<h2 class=\"elementor-heading-title elementor-size-default\">Palvelumme<\/h2>\t\t<\/div>\n\t\t\t\t<\/div>\n\t\t\t\t\t<\/div>\n\t\t\t\t<\/div>\n\t\t<div class=\"elementor-element elementor-element-22dee5c e-flex e-con-boxed e-con e-parent\" data-id=\"22dee5c\" data-element_type=\"container\" data-settings=\"{&quot;content_width&quot;:&quot;boxed&quot;}\" data-core-v316-plus=\"true\">\n\t\t\t\t\t<div class=\"e-con-inner\">\n\t\t<div class=\"elementor-element elementor-element-6d7732f e-flex e-con-boxed e-con e-child\" data-id=\"6d7732f\" data-element_type=\"container\" data-settings=\"{&quot;content_width&quot;:&quot;boxed&quot;}\">\n\t\t\t\t\t<div class=\"e-con-inner\">\n\t\t\t\t<div class=\"elementor-element elementor-element-3d8ad88 elementor-widget elementor-widget-image\" data-id=\"3d8ad88\" data-element_type=\"widget\" data-widget_type=\"image.default\">\n\t\t\t\t<div class=\"elementor-widget-container\">\n\t\t\t<style>\/*! elementor - v3.16.0 - 20-09-2023 *\/\n.elementor-widget-image{text-align:center}.elementor-widget-image a{display:inline-block}.elementor-widget-image a img[src$=\".svg\"]{width:48px}.elementor-widget-image img{vertical-align:middle;display:inline-block}<\/style>\t\t\t\t\t\t\t\t\t\t\t\t<img loading=\"lazy\" decoding=\"async\" width=\"1024\" height=\"1024\" src=\"https:\/\/i0.wp.com\/corf.fi\/wp-content\/uploads\/2023\/10\/Nayttokuva-2023-10-25-kello-18.31.10-e1699015162812.png?fit=1024%2C1024&amp;ssl=1\" class=\"attachment-large size-large wp-image-1071\" alt=\"\" \/>\t\t\t\t\t\t\t\t\t\t\t\t\t\t\t<\/div>\n\t\t\t\t<\/div>\n\t\t\t\t<div class=\"elementor-element elementor-element-a61941a elementor-widget elementor-widget-heading\" data-id=\"a61941a\" data-element_type=\"widget\" data-widget_type=\"heading.default\">\n\t\t\t\t<div class=\"elementor-widget-container\">\n\t\t\t<h2 class=\"elementor-heading-title elementor-size-default\">Spilker\u200b<\/h2>\t\t<\/div>\n\t\t\t\t<\/div>\n\t\t\t\t<div class=\"elementor-element elementor-element-c6315c9 elementor-widget elementor-widget-text-editor\" data-id=\"c6315c9\" data-element_type=\"widget\" data-widget_type=\"text-editor.default\">\n\t\t\t\t<div class=\"elementor-widget-container\">\n\t\t\t<style>\/*! elementor - v3.16.0 - 20-09-2023 *\/\n.elementor-widget-text-editor.elementor-drop-cap-view-stacked .elementor-drop-cap{background-color:#69727d;color:#fff}.elementor-widget-text-editor.elementor-drop-cap-view-framed .elementor-drop-cap{color:#69727d;border:3px solid;background-color:transparent}.elementor-widget-text-editor:not(.elementor-drop-cap-view-default) .elementor-drop-cap{margin-top:8px}.elementor-widget-text-editor:not(.elementor-drop-cap-view-default) .elementor-drop-cap-letter{width:1em;height:1em}.elementor-widget-text-editor .elementor-drop-cap{float:left;text-align:center;line-height:1;font-size:50px}.elementor-widget-text-editor .elementor-drop-cap-letter{display:inline-block}<\/style>\t\t\t\t<p>Erikoiskoneet, stanssity\u00f6kalut ja sylinterit.<\/p>\t\t\t\t\t\t<\/div>\n\t\t\t\t<\/div>\n\t\t\t\t\t<\/div>\n\t\t\t\t<\/div>\n\t\t<div class=\"elementor-element elementor-element-7a54f0f e-flex e-con-boxed e-con e-child\" data-id=\"7a54f0f\" data-element_type=\"container\" data-settings=\"{&quot;content_width&quot;:&quot;boxed&quot;}\">\n\t\t\t\t\t<div class=\"e-con-inner\">\n\t\t\t\t<div class=\"elementor-element elementor-element-dc33e0c elementor-widget elementor-widget-image\" data-id=\"dc33e0c\" data-element_type=\"widget\" data-widget_type=\"image.default\">\n\t\t\t\t<div class=\"elementor-widget-container\">\n\t\t\t\t\t\t\t\t\t\t\t\t\t\t\t<img loading=\"lazy\" decoding=\"async\" width=\"1024\" height=\"1024\" src=\"https:\/\/i0.wp.com\/corf.fi\/wp-content\/uploads\/2023\/11\/HSS-baumer-logo-1x1-1.png?fit=1024%2C1024&amp;ssl=1\" class=\"attachment-large size-large wp-image-1458\" alt=\"\" \/>\t\t\t\t\t\t\t\t\t\t\t\t\t\t\t<\/div>\n\t\t\t\t<\/div>\n\t\t\t\t<div class=\"elementor-element elementor-element-0003514 elementor-widget elementor-widget-heading\" data-id=\"0003514\" data-element_type=\"widget\" data-widget_type=\"heading.default\">\n\t\t\t\t<div class=\"elementor-widget-container\">\n\t\t\t<h2 class=\"elementor-heading-title elementor-size-default\">Baumer HHS<\/h2>\t\t<\/div>\n\t\t\t\t<\/div>\n\t\t\t\t<div class=\"elementor-element elementor-element-099273a elementor-widget elementor-widget-text-editor\" data-id=\"099273a\" data-element_type=\"widget\" data-widget_type=\"text-editor.default\">\n\t\t\t\t<div class=\"elementor-widget-container\">\n\t\t\t\t\t\t\t<p>Kuuma- ja kylm\u00e4liimauslaitteet kotelonvalmistukseen, aaltopahvituotantoon, j\u00e4lkik\u00e4sittelyyn ja pakkausteollisuudelle.<\/p>\t\t\t\t\t\t<\/div>\n\t\t\t\t<\/div>\n\t\t\t\t\t<\/div>\n\t\t\t\t<\/div>\n\t\t\t\t\t<\/div>\n\t\t\t\t<\/div>\n\t\t<div class=\"elementor-element elementor-element-ffe37cf e-flex e-con-boxed e-con e-parent\" data-id=\"ffe37cf\" data-element_type=\"container\" data-settings=\"{&quot;content_width&quot;:&quot;boxed&quot;}\" data-core-v316-plus=\"true\">\n\t\t\t\t\t<div class=\"e-con-inner\">\n\t\t<div class=\"elementor-element elementor-element-0125a30 e-flex e-con-boxed e-con e-child\" data-id=\"0125a30\" data-element_type=\"container\" data-settings=\"{&quot;content_width&quot;:&quot;boxed&quot;}\">\n\t\t\t\t\t<div class=\"e-con-inner\">\n\t\t\t\t<div class=\"elementor-element elementor-element-e999342 elementor-widget elementor-widget-image\" data-id=\"e999342\" data-element_type=\"widget\" data-widget_type=\"image.default\">\n\t\t\t\t<div class=\"elementor-widget-container\">\n\t\t\t\t\t\t\t\t\t\t\t\t\t\t\t<img loading=\"lazy\" decoding=\"async\" width=\"640\" height=\"640\" src=\"https:\/\/i0.wp.com\/corf.fi\/wp-content\/uploads\/2023\/10\/press-machine.gif?fit=640%2C640&amp;ssl=1\" class=\"attachment-large size-large wp-image-1260\" alt=\"\" \/>\t\t\t\t\t\t\t\t\t\t\t\t\t\t\t<\/div>\n\t\t\t\t<\/div>\n\t\t\t\t<div class=\"elementor-element elementor-element-3b4c73a elementor-widget elementor-widget-heading\" data-id=\"3b4c73a\" data-element_type=\"widget\" data-widget_type=\"heading.default\">\n\t\t\t\t<div class=\"elementor-widget-container\">\n\t\t\t<h2 class=\"elementor-heading-title elementor-size-default\">Konemyynti<\/h2>\t\t<\/div>\n\t\t\t\t<\/div>\n\t\t\t\t<div class=\"elementor-element elementor-element-17641f8 elementor-widget elementor-widget-text-editor\" data-id=\"17641f8\" data-element_type=\"widget\" data-widget_type=\"text-editor.default\">\n\t\t\t\t<div class=\"elementor-widget-container\">\n\t\t\t\t\t\t\t<p>Rotaatioluovutus, pakkausrobotit, j\u00e4lkik\u00e4sittelykoneet, roskakuljettimet, kysy lis\u00e4\u00e4.<\/p>\t\t\t\t\t\t<\/div>\n\t\t\t\t<\/div>\n\t\t\t\t\t<\/div>\n\t\t\t\t<\/div>\n\t\t<div class=\"elementor-element elementor-element-a422571 e-flex e-con-boxed e-con e-child\" data-id=\"a422571\" data-element_type=\"container\" data-settings=\"{&quot;content_width&quot;:&quot;boxed&quot;}\">\n\t\t\t\t\t<div class=\"e-con-inner\">\n\t\t\t\t<div class=\"elementor-element elementor-element-41bd43e elementor-widget elementor-widget-image\" data-id=\"41bd43e\" data-element_type=\"widget\" data-widget_type=\"image.default\">\n\t\t\t\t<div class=\"elementor-widget-container\">\n\t\t\t\t\t\t\t\t\t\t\t\t\t\t\t<img loading=\"lazy\" decoding=\"async\" width=\"1024\" height=\"1024\" src=\"https:\/\/i0.wp.com\/corf.fi\/wp-content\/uploads\/2023\/10\/chain.gif?fit=1024%2C1024&amp;ssl=1\" class=\"attachment-large size-large wp-image-1257\" alt=\"\" \/>\t\t\t\t\t\t\t\t\t\t\t\t\t\t\t<\/div>\n\t\t\t\t<\/div>\n\t\t\t\t<div class=\"elementor-element elementor-element-65f1fb0 elementor-widget elementor-widget-heading\" data-id=\"65f1fb0\" data-element_type=\"widget\" data-widget_type=\"heading.default\">\n\t\t\t\t<div class=\"elementor-widget-container\">\n\t\t\t<h2 class=\"elementor-heading-title elementor-size-default\">Tarvikemyynti<\/h2>\t\t<\/div>\n\t\t\t\t<\/div>\n\t\t\t\t<div class=\"elementor-element elementor-element-56202ce elementor-widget elementor-widget-text-editor\" data-id=\"56202ce\" data-element_type=\"widget\" data-widget_type=\"text-editor.default\">\n\t\t\t\t<div class=\"elementor-widget-container\">\n\t\t\t\t\t\t\t<p>Kartongin repij\u00e4t, stiftilangat, varaosat, ilma-akselit, jarrut, radanohjaimet\u00a0 ja huolto.<\/p>\t\t\t\t\t\t<\/div>\n\t\t\t\t<\/div>\n\t\t\t\t\t<\/div>\n\t\t\t\t<\/div>\n\t\t\t\t\t<\/div>\n\t\t\t\t<\/div>\n\t\t<div class=\"elementor-element elementor-element-170ca826 e-flex e-con-boxed e-con e-parent\" data-id=\"170ca826\" data-element_type=\"container\" data-settings=\"{&quot;content_width&quot;:&quot;boxed&quot;}\" data-core-v316-plus=\"true\">\n\t\t\t\t\t<div class=\"e-con-inner\">\n\t\t<div class=\"elementor-element elementor-element-2ef353c7 e-flex e-con-boxed e-con e-child\" data-id=\"2ef353c7\" data-element_type=\"container\" data-settings=\"{&quot;content_width&quot;:&quot;boxed&quot;}\">\n\t\t\t\t\t<div class=\"e-con-inner\">\n\t\t<div class=\"elementor-element elementor-element-4ee1d08d e-flex e-con-boxed e-con e-child\" data-id=\"4ee1d08d\" data-element_type=\"container\" data-settings=\"{&quot;content_width&quot;:&quot;boxed&quot;}\">\n\t\t\t\t\t<div class=\"e-con-inner\">\n\t\t\t\t<div class=\"elementor-element elementor-element-2dc0f676 elementor-widget elementor-widget-heading\" data-id=\"2dc0f676\" data-element_type=\"widget\" data-widget_type=\"heading.default\">\n\t\t\t\t<div class=\"elementor-widget-container\">\n\t\t\t<h1 class=\"elementor-heading-title elementor-size-default\">Edustamamme yritykset<\/h1>\t\t<\/div>\n\t\t\t\t<\/div>\n\t\t\t\t\t<\/div>\n\t\t\t\t<\/div>\n\t\t<div class=\"elementor-element elementor-element-3c07f0a7 e-flex e-con-boxed e-con e-child\" data-id=\"3c07f0a7\" data-element_type=\"container\" data-settings=\"{&quot;content_width&quot;:&quot;boxed&quot;}\">\n\t\t\t\t\t<div class=\"e-con-inner\">\n\t\t\t\t<div class=\"elementor-element elementor-element-462e7e81 elementor-widget elementor-widget-image\" data-id=\"462e7e81\" data-element_type=\"widget\" data-widget_type=\"image.default\">\n\t\t\t\t<div class=\"elementor-widget-container\">\n\t\t\t\t\t\t\t\t\t\t\t\t\t\t\t<img loading=\"lazy\" decoding=\"async\" width=\"768\" height=\"462\" src=\"https:\/\/i0.wp.com\/corf.fi\/wp-content\/uploads\/2023\/10\/baumer-hhs-logoi.png?fit=768%2C462&amp;ssl=1\" class=\"attachment-medium_large size-medium_large wp-image-1166\" alt=\"\" \/>\t\t\t\t\t\t\t\t\t\t\t\t\t\t\t<\/div>\n\t\t\t\t<\/div>\n\t\t\t\t<div class=\"elementor-element elementor-element-6c3441fc elementor-widget elementor-widget-image\" data-id=\"6c3441fc\" data-element_type=\"widget\" data-widget_type=\"image.default\">\n\t\t\t\t<div class=\"elementor-widget-container\">\n\t\t\t\t\t\t\t\t\t\t\t\t\t\t\t<img loading=\"lazy\" decoding=\"async\" width=\"768\" height=\"687\" src=\"https:\/\/i0.wp.com\/corf.fi\/wp-content\/uploads\/2023\/10\/awex.png?fit=768%2C687&amp;ssl=1\" class=\"attachment-medium_large size-medium_large wp-image-1175\" alt=\"\" \/>\t\t\t\t\t\t\t\t\t\t\t\t\t\t\t<\/div>\n\t\t\t\t<\/div>\n\t\t<div class=\"elementor-element elementor-element-6c743517 e-flex e-con-boxed e-con e-child\" data-id=\"6c743517\" data-element_type=\"container\" data-settings=\"{&quot;content_width&quot;:&quot;boxed&quot;}\">\n\t\t\t\t\t<div class=\"e-con-inner\">\n\t\t\t\t<div class=\"elementor-element elementor-element-34916056 elementor-widget elementor-widget-image\" data-id=\"34916056\" data-element_type=\"widget\" data-widget_type=\"image.default\">\n\t\t\t\t<div class=\"elementor-widget-container\">\n\t\t\t\t\t\t\t\t\t\t\t\t\t\t\t<img loading=\"lazy\" decoding=\"async\" width=\"768\" height=\"325\" src=\"https:\/\/i0.wp.com\/corf.fi\/wp-content\/uploads\/2023\/10\/spilker-logo_landscape.png?fit=768%2C325&amp;ssl=1\" class=\"attachment-medium_large size-medium_large wp-image-1162\" alt=\"\" \/>\t\t\t\t\t\t\t\t\t\t\t\t\t\t\t<\/div>\n\t\t\t\t<\/div>\n\t\t\t\t\t<\/div>\n\t\t\t\t<\/div>\n\t\t<div class=\"elementor-element elementor-element-27264373 e-flex e-con-boxed e-con e-child\" data-id=\"27264373\" data-element_type=\"container\" data-settings=\"{&quot;content_width&quot;:&quot;boxed&quot;}\">\n\t\t\t\t\t<div class=\"e-con-inner\">\n\t\t\t\t<div class=\"elementor-element elementor-element-381d6d9f elementor-widget elementor-widget-image\" data-id=\"381d6d9f\" data-element_type=\"widget\" data-widget_type=\"image.default\">\n\t\t\t\t<div class=\"elementor-widget-container\">\n\t\t\t\t\t\t\t\t\t\t\t\t\t\t\t<img loading=\"lazy\" decoding=\"async\" width=\"768\" height=\"73\" src=\"https:\/\/i0.wp.com\/corf.fi\/wp-content\/uploads\/2023\/10\/rima-system-logo.png?fit=768%2C73&amp;ssl=1\" class=\"attachment-medium_large size-medium_large wp-image-1070\" alt=\"\" \/>\t\t\t\t\t\t\t\t\t\t\t\t\t\t\t<\/div>\n\t\t\t\t<\/div>\n\t\t\t\t\t<\/div>\n\t\t\t\t<\/div>\n\t\t<div class=\"elementor-element elementor-element-560fa69 e-flex e-con-boxed e-con e-child\" data-id=\"560fa69\" data-element_type=\"container\" data-settings=\"{&quot;content_width&quot;:&quot;boxed&quot;}\">\n\t\t\t\t\t<div class=\"e-con-inner\">\n\t\t\t\t<div class=\"elementor-element elementor-element-46559253 elementor-widget elementor-widget-image\" data-id=\"46559253\" data-element_type=\"widget\" data-widget_type=\"image.default\">\n\t\t\t\t<div class=\"elementor-widget-container\">\n\t\t\t\t\t\t\t\t\t\t\t\t\t\t\t<img loading=\"lazy\" decoding=\"async\" width=\"768\" height=\"130\" src=\"https:\/\/i0.wp.com\/corf.fi\/wp-content\/uploads\/2023\/10\/systemation-logo.png?fit=768%2C130&amp;ssl=1\" class=\"attachment-medium_large size-medium_large wp-image-1171\" alt=\"\" \/>\t\t\t\t\t\t\t\t\t\t\t\t\t\t\t<\/div>\n\t\t\t\t<\/div>\n\t\t\t\t\t<\/div>\n\t\t\t\t<\/div>\n\t\t\t\t\t<\/div>\n\t\t\t\t<\/div>\n\t\t\t\t<div class=\"elementor-element elementor-element-97f37c7 elementor-align-center elementor-widget elementor-widget-button\" data-id=\"97f37c7\" data-element_type=\"widget\" data-widget_type=\"button.default\">\n\t\t\t\t<div class=\"elementor-widget-container\">\n\t\t\t\t\t<div class=\"elementor-button-wrapper\">\n\t\t\t<a class=\"elementor-button elementor-button-link elementor-size-sm\" href=\"https:\/\/corf.fi\/?page_id=1049\">\n\t\t\t\t\t\t<span class=\"elementor-button-content-wrapper\">\n\t\t\t\t\t\t<span class=\"elementor-button-text\">Lue lis\u00e4\u00e4<\/span>\n\t\t<\/span>\n\t\t\t\t\t<\/a>\n\t\t<\/div>\n\t\t\t\t<\/div>\n\t\t\t\t<\/div>\n\t\t\t\t\t<\/div>\n\t\t\t\t<\/div>\n\t\t\t\t\t<\/div>\n\t\t\t\t<\/div>\n\t\t<div class=\"elementor-element elementor-element-552c0691 e-flex e-con-boxed e-con e-parent\" data-id=\"552c0691\" data-element_type=\"container\" data-settings=\"{&quot;background_background&quot;:&quot;classic&quot;,&quot;content_width&quot;:&quot;boxed&quot;}\" data-core-v316-plus=\"true\">\n\t\t\t\t\t<div class=\"e-con-inner\">\n\t\t\t\t<div class=\"elementor-element elementor-element-6f77708a elementor-widget elementor-widget-heading\" data-id=\"6f77708a\" data-element_type=\"widget\" data-widget_type=\"heading.default\">\n\t\t\t\t<div class=\"elementor-widget-container\">\n\t\t\t<h3 class=\"elementor-heading-title elementor-size-default\">Tilaukset ja tarjouspyynn\u00f6t<\/h3>\t\t<\/div>\n\t\t\t\t<\/div>\n\t\t\t\t<div class=\"elementor-element elementor-element-b27135e elementor-widget elementor-widget-text-editor\" data-id=\"b27135e\" data-element_type=\"widget\" data-widget_type=\"text-editor.default\">\n\t\t\t\t<div class=\"elementor-widget-container\">\n\t\t\t\t\t\t\t<p>Alla olevasta napista p\u00e4\u00e4set t\u00e4ytt\u00e4m\u00e4\u00e4n tilaus- tai tarjouspyynt\u00f6lomakkeen.<\/p>\t\t\t\t\t\t<\/div>\n\t\t\t\t<\/div>\n\t\t\t\t<div class=\"elementor-element elementor-element-696b1d48 elementor-widget elementor-widget-text-editor\" data-id=\"696b1d48\" data-element_type=\"widget\" data-widget_type=\"text-editor.default\">\n\t\t\t\t<div class=\"elementor-widget-container\">\n\t\t\t\t\t\t\t\t\t\t\t\t\t<\/div>\n\t\t\t\t<\/div>\n\t\t\t\t<div class=\"elementor-element elementor-element-1dd7ea32 elementor-align-center elementor-widget elementor-widget-button\" data-id=\"1dd7ea32\" data-element_type=\"widget\" data-widget_type=\"button.default\">\n\t\t\t\t<div class=\"elementor-widget-container\">\n\t\t\t\t\t<div class=\"elementor-button-wrapper\">\n\t\t\t<a class=\"elementor-button elementor-button-link elementor-size-sm\" href=\"https:\/\/corf.fi\/?page_id=1086\">\n\t\t\t\t\t\t<span class=\"elementor-button-content-wrapper\">\n\t\t\t\t\t\t<span class=\"elementor-button-text\">Lomakkeeseen<\/span>\n\t\t<\/span>\n\t\t\t\t\t<\/a>\n\t\t<\/div>\n\t\t\t\t<\/div>\n\t\t\t\t<\/div>\n\t\t\t\t\t<\/div>\n\t\t\t\t<\/div>\n\t\t<footer class=\"elementor-element elementor-element-d21c26d e-con-full e-flex e-con e-parent\" data-id=\"d21c26d\" data-element_type=\"container\" data-settings=\"{&quot;content_width&quot;:&quot;full&quot;,&quot;background_background&quot;:&quot;classic&quot;}\" data-core-v316-plus=\"true\">\n\t\t<div class=\"elementor-element elementor-element-eac92ad e-flex e-con-boxed e-con e-child\" data-id=\"eac92ad\" data-element_type=\"container\" data-settings=\"{&quot;content_width&quot;:&quot;boxed&quot;}\">\n\t\t\t\t\t<div class=\"e-con-inner\">\n\t\t\t\t<div class=\"elementor-element elementor-element-44a6dd4 elementor-widget elementor-widget-image\" data-id=\"44a6dd4\" data-element_type=\"widget\" data-widget_type=\"image.default\">\n\t\t\t\t<div class=\"elementor-widget-container\">\n\t\t\t\t\t\t\t\t\t\t\t\t\t\t\t<img loading=\"lazy\" decoding=\"async\" width=\"312\" height=\"100\" src=\"https:\/\/i0.wp.com\/corf.fi\/wp-content\/uploads\/2015\/10\/corf_logo_410x100.png?fit=312%2C100&amp;ssl=1\" class=\"attachment-medium_large size-medium_large wp-image-874\" alt=\"\" \/>\t\t\t\t\t\t\t\t\t\t\t\t\t\t\t<\/div>\n\t\t\t\t<\/div>\n\t\t\t\t\t<\/div>\n\t\t\t\t<\/div>\n\t\t<div class=\"elementor-element elementor-element-adedf0e e-flex e-con-boxed e-con e-child\" data-id=\"adedf0e\" data-element_type=\"container\" data-settings=\"{&quot;content_width&quot;:&quot;boxed&quot;}\">\n\t\t\t\t\t<div class=\"e-con-inner\">\n\t\t\t\t<div class=\"elementor-element elementor-element-997e9c6 elementor-widget elementor-widget-text-editor\" data-id=\"997e9c6\" data-element_type=\"widget\" data-widget_type=\"text-editor.default\">\n\t\t\t\t<div class=\"elementor-widget-container\">\n\t\t\t\t\t\t\t<p><strong>Sivut<\/strong><\/p><p><a style=\"color: #000; text-decoration: underline;\" href=\"\/\">Etusivu<\/a><\/p><p><a style=\"color: #000; text-decoration: underline;\" href=\"https:\/\/corf.fi\/?page_id=1049\">Edustamamme yritykset<\/a><\/p><p><a style=\"color: #000; text-decoration: underline;\" href=\"https:\/\/corf.fi\/?page_id=1086\">Tilaukset ja tarjouspyynn\u00f6t<\/a><\/p><p><a style=\"color: #000; text-decoration: underline;\" href=\"https:\/\/corf.fi\/?page_id=1151\">Uutiset<\/a><\/p><p><a style=\"color: #000; text-decoration: underline;\" href=\"https:\/\/corf.fi\/?page_id=1145\">Ota yhteytt\u00e4<\/a><\/p>\t\t\t\t\t\t<\/div>\n\t\t\t\t<\/div>\n\t\t\t\t\t<\/div>\n\t\t\t\t<\/div>\n\t\t<div class=\"elementor-element elementor-element-caa8783 e-flex e-con-boxed e-con e-child\" data-id=\"caa8783\" data-element_type=\"container\" data-settings=\"{&quot;content_width&quot;:&quot;boxed&quot;}\">\n\t\t\t\t\t<div class=\"e-con-inner\">\n\t\t\t\t<div class=\"elementor-element elementor-element-54d9557 elementor-widget elementor-widget-text-editor\" data-id=\"54d9557\" data-element_type=\"widget\" data-widget_type=\"text-editor.default\">\n\t\t\t\t<div class=\"elementor-widget-container\">\n\t\t\t\t\t\t\t<p><strong>Sivut<\/strong><\/p><p>Corf Oy<\/p><p>Karakalliontie 14 F 44 02620 Espoo<\/p><p><a style=\"color: #000; text-decoration: underline;\" href=\"tel:+358 44 9716038\">+358 44 9716038<\/a><\/p><p><a style=\"color: #000; text-decoration: underline;\" href=\"mailto:seppo@corf.fi\">seppo@corf.fi<\/a><\/p>\t\t\t\t\t\t<\/div>\n\t\t\t\t<\/div>\n\t\t\t\t\t<\/div>\n\t\t\t\t<\/div>\n\t\t\t\t<\/footer>\n\t\t\t\t\t\t\t<\/div>\n\t\t","protected":false},"excerpt":{"rendered":"<p>luotettava kumppani Graafisen ja pakkausalan koneiden asiantuntija. Olemme kasvava graafisen,- ja pakkausalan koneita ja palveluja tarjoava yritys. Ota yhteytt\u00e4 Palvelumme Spilker\u200b Erikoiskoneet, stanssity\u00f6kalut ja sylinterit. Baumer HHS Kuuma- ja kylm\u00e4liimauslaitteet kotelonvalmistukseen, aaltopahvituotantoon, j\u00e4lkik\u00e4sittelyyn ja pakkausteollisuudelle. Konemyynti Rotaatioluovutus, pakkausrobotit, j\u00e4lkik\u00e4sittelykoneet, roskakuljettimet, kysy lis\u00e4\u00e4. Tarvikemyynti Kartongin repij\u00e4t, stiftilangat, varaosat, ilma-akselit, jarrut, radanohjaimet\u00a0 ja huolto. Edustamamme yritykset Lue&#8230;<\/p>\n","protected":false},"author":2,"featured_media":0,"parent":0,"menu_order":0,"comment_status":"closed","ping_status":"closed","template":"elementor_header_footer","meta":{"footnotes":""},"class_list":["post-1031","page","type-page","status-publish","hentry"],"jetpack_sharing_enabled":true,"rttpg_featured_image_url":null,"rttpg_author":{"display_name":"Seppo Ursin","author_link":"https:\/\/corf.fi\/?author=2"},"rttpg_comment":0,"rttpg_category":null,"rttpg_excerpt":"luotettava kumppani Graafisen ja pakkausalan koneiden asiantuntija. Olemme kasvava graafisen,- ja pakkausalan koneita ja palveluja tarjoava yritys. Ota yhteytt\u00e4 Palvelumme Spilker\u200b Erikoiskoneet, stanssity\u00f6kalut ja sylinterit. Baumer HHS Kuuma- ja kylm\u00e4liimauslaitteet kotelonvalmistukseen, aaltopahvituotantoon, j\u00e4lkik\u00e4sittelyyn ja pakkausteollisuudelle. Konemyynti Rotaatioluovutus, pakkausrobotit, j\u00e4lkik\u00e4sittelykoneet, roskakuljettimet, kysy lis\u00e4\u00e4. Tarvikemyynti Kartongin repij\u00e4t, stiftilangat, varaosat, ilma-akselit, jarrut, radanohjaimet\u00a0 ja huolto. Edustamamme yritykset Lue...","_links":{"self":[{"href":"https:\/\/corf.fi\/index.php?rest_route=\/wp\/v2\/pages\/1031","targetHints":{"allow":["GET"]}}],"collection":[{"href":"https:\/\/corf.fi\/index.php?rest_route=\/wp\/v2\/pages"}],"about":[{"href":"https:\/\/corf.fi\/index.php?rest_route=\/wp\/v2\/types\/page"}],"author":[{"embeddable":true,"href":"https:\/\/corf.fi\/index.php?rest_route=\/wp\/v2\/users\/2"}],"replies":[{"embeddable":true,"href":"https:\/\/corf.fi\/index.php?rest_route=%2Fwp%2Fv2%2Fcomments&post=1031"}],"version-history":[{"count":135,"href":"https:\/\/corf.fi\/index.php?rest_route=\/wp\/v2\/pages\/1031\/revisions"}],"predecessor-version":[{"id":1477,"href":"https:\/\/corf.fi\/index.php?rest_route=\/wp\/v2\/pages\/1031\/revisions\/1477"}],"wp:attachment":[{"href":"https:\/\/corf.fi\/index.php?rest_route=%2Fwp%2Fv2%2Fmedia&parent=1031"}],"curies":[{"name":"wp","href":"https:\/\/api.w.org\/{rel}","templated":true}]}}